{"id":14,"date":"2019-07-11T13:43:43","date_gmt":"2019-07-11T10:43:43","guid":{"rendered":"http:\/\/cncmarblestone.com\/fr\/?page_id=14"},"modified":"2019-07-11T13:45:45","modified_gmt":"2019-07-11T10:45:45","slug":"qui-sommes-nous","status":"publish","type":"page","link":"https:\/\/cncmarblestone.com\/fr\/qui-sommes-nous\/","title":{"rendered":"QUI SOMMES-NOUS"},"content":{"rendered":"<p>\u00c9tablie en Turquie \u00e0 Afyonkarahisar sous le nom de CNC Marble Stone en 2018, notre soci\u00e9t\u00e9 a refl\u00e9t\u00e9 sa haute qualit\u00e9 et ses comp\u00e9tences de fabrication de qualit\u00e9 sup\u00e9rieure pour ses productions. , Escaliers en marbre, Rev\u00eatements de sol en marbre, Chemin\u00e9es en marbre, Rev\u00eatements de fa\u00e7ade en marbre, Fontaines en marbre, Colonnes en marbre, Statues en marbre, Pots en marbre, etc. produits dans toute la Turquie et \u00e0 tous les non \u00e9tatiques offre une mani\u00e8re opportune et sans compromettre la qualit\u00e9.<\/p>\n<p>Notre soci\u00e9t\u00e9 CNC Marble Stone, qui a fait ses preuves dans la d\u00e9coration en marbre, r\u00e9alise \u00e9galement des travaux de conception sp\u00e9ciaux pour la d\u00e9coration.<\/p>\n","protected":false},"excerpt":{"rendered":"<p>\u00c9tablie en Turquie \u00e0 Afyonkarahisar sous le nom de CNC Marble Stone en 2018, notre soci\u00e9t\u00e9 a refl\u00e9t\u00e9 sa haute qualit\u00e9 et ses comp\u00e9tences de fabrication de qualit\u00e9 sup\u00e9rieure pour ses productions. , Escaliers en marbre, Rev\u00eatements de sol en marbre, Chemin\u00e9es en marbre, Rev\u00eatements de fa\u00e7ade en marbre, Fontaines en marbre, Colonnes en marbre, [&hellip;]<\/p>\n","protected":false},"author":1,"featured_media":0,"parent":0,"menu_order":0,"comment_status":"closed","ping_status":"closed","template":"","meta":{"_joinchat":[],"footnotes":""},"class_list":["post-14","page","type-page","status-publish","hentry"],"aioseo_notices":[],"_links":{"self":[{"href":"https:\/\/cncmarblestone.com\/fr\/wp-json\/wp\/v2\/pages\/14","targetHints":{"allow":["GET"]}}],"collection":[{"href":"https:\/\/cncmarblestone.com\/fr\/wp-json\/wp\/v2\/pages"}],"about":[{"href":"https:\/\/cncmarblestone.com\/fr\/wp-json\/wp\/v2\/types\/page"}],"author":[{"embeddable":true,"href":"https:\/\/cncmarblestone.com\/fr\/wp-json\/wp\/v2\/users\/1"}],"replies":[{"embeddable":true,"href":"https:\/\/cncmarblestone.com\/fr\/wp-json\/wp\/v2\/comments?post=14"}],"version-history":[{"count":2,"href":"https:\/\/cncmarblestone.com\/fr\/wp-json\/wp\/v2\/pages\/14\/revisions"}],"predecessor-version":[{"id":16,"href":"https:\/\/cncmarblestone.com\/fr\/wp-json\/wp\/v2\/pages\/14\/revisions\/16"}],"wp:attachment":[{"href":"https:\/\/cncmarblestone.com\/fr\/wp-json\/wp\/v2\/media?parent=14"}],"curies":[{"name":"wp","href":"https:\/\/api.w.org\/{rel}","templated":true}]}}